{"id":915,"date":"2023-11-11T12:13:12","date_gmt":"2023-11-11T12:13:12","guid":{"rendered":"https:\/\/kedo.hu\/?page_id=915"},"modified":"2026-04-15T19:12:55","modified_gmt":"2026-04-15T19:12:55","slug":"rolunk","status":"publish","type":"page","link":"https:\/\/kedo.hu\/en\/rolunk\/","title":{"rendered":"About us"},"content":{"rendered":"<div data-elementor-type=\"wp-page\" data-elementor-id=\"915\" class=\"elementor elementor-915\" data-elementor-post-type=\"page\">\n\t\t\t\t<div class=\"elementor-element elementor-element-aca2260 e-flex e-con-boxed e-con e-parent\" data-id=\"aca2260\" data-element_type=\"container\" data-e-type=\"container\" data-settings=\"{&quot;background_background&quot;:&quot;classic&quot;,&quot;background_motion_fx_motion_fx_scrolling&quot;:&quot;yes&quot;,&quot;background_motion_fx_translateY_effect&quot;:&quot;yes&quot;,&quot;background_motion_fx_translateY_speed&quot;:{&quot;unit&quot;:&quot;px&quot;,&quot;size&quot;:9.1,&quot;sizes&quot;:[]},&quot;background_motion_fx_opacity_effect&quot;:&quot;yes&quot;,&quot;background_motion_fx_opacity_level&quot;:{&quot;unit&quot;:&quot;px&quot;,&quot;size&quot;:&quot;&quot;,&quot;sizes&quot;:[]},&quot;background_motion_fx_translateY_affectedRange&quot;:{&quot;unit&quot;:&quot;%&quot;,&quot;size&quot;:&quot;&quot;,&quot;sizes&quot;:{&quot;start&quot;:0,&quot;end&quot;:100}},&quot;background_motion_fx_opacity_direction&quot;:&quot;out-in&quot;,&quot;background_motion_fx_opacity_range&quot;:{&quot;unit&quot;:&quot;%&quot;,&quot;size&quot;:&quot;&quot;,&quot;sizes&quot;:{&quot;start&quot;:20,&quot;end&quot;:80}},&quot;background_motion_fx_devices&quot;:[&quot;desktop&quot;,&quot;tablet&quot;,&quot;mobile&quot;]}\">\n\t\t\t\t\t<div class=\"e-con-inner\">\n\t\t<div class=\"elementor-element elementor-element-c02b943 e-flex e-con-boxed e-con e-child\" data-id=\"c02b943\" data-element_type=\"container\" data-e-type=\"container\">\n\t\t\t\t\t<div class=\"e-con-inner\">\n\t\t\t\t<div class=\"elementor-element elementor-element-5aec270 elementor-widget elementor-widget-heading\" data-id=\"5aec270\" data-element_type=\"widget\" data-e-type=\"widget\" data-widget_type=\"heading.default\">\n\t\t\t\t<div class=\"elementor-widget-container\">\n\t\t\t\t\t<h1 class=\"elementor-heading-title elementor-size-default\">R\u00d3LUNK<\/h1>\t\t\t\t<\/div>\n\t\t\t\t<\/div>\n\t\t\t\t\t<\/div>\n\t\t\t\t<\/div>\n\t\t\t\t\t<\/div>\n\t\t\t\t<\/div>\n\t\t<div class=\"elementor-element elementor-element-980014f e-flex e-con-boxed e-con e-parent\" data-id=\"980014f\" data-element_type=\"container\" data-e-type=\"container\">\n\t\t\t\t\t<div class=\"e-con-inner\">\n\t\t\t\t<div class=\"elementor-element elementor-element-d2513b3 elementor-widget elementor-widget-spacer\" data-id=\"d2513b3\" data-element_type=\"widget\" data-e-type=\"widget\" data-widget_type=\"spacer.default\">\n\t\t\t\t<div class=\"elementor-widget-container\">\n\t\t\t\t\t\t\t<div class=\"elementor-spacer\">\n\t\t\t<div class=\"elementor-spacer-inner\"><\/div>\n\t\t<\/div>\n\t\t\t\t\t\t<\/div>\n\t\t\t\t<\/div>\n\t\t\t\t\t<\/div>\n\t\t\t\t<\/div>\n\t\t<div class=\"elementor-element elementor-element-43bac5fe e-con-full e-flex e-con e-parent\" data-id=\"43bac5fe\" data-element_type=\"container\" data-e-type=\"container\" data-settings=\"{&quot;background_background&quot;:&quot;classic&quot;}\">\n\t\t<div class=\"elementor-element elementor-element-5c707797 e-con-full e-flex e-con e-child\" data-id=\"5c707797\" data-element_type=\"container\" data-e-type=\"container\">\n\t\t\t\t<div class=\"elementor-element elementor-element-641cbc5d elementor-widget__width-inherit elementor-widget-mobile__width-inherit elementor-widget elementor-widget-image-box\" data-id=\"641cbc5d\" data-element_type=\"widget\" data-e-type=\"widget\" data-widget_type=\"image-box.default\">\n\t\t\t\t<div class=\"elementor-widget-container\">\n\t\t\t\t\t<div class=\"elementor-image-box-wrapper\"><div class=\"elementor-image-box-content\"><h2 class=\"elementor-image-box-title\">OUR ACTIVITY<\/h2><p class=\"elementor-image-box-description\">Our company produces both its own products and its own branded products produced on private label. Private label manufacturing represents the majority of our activity. We are present on the domestic and neighboring Eastern European markets with two of our own product lines - marketed under the brands Petra and Cosmedic - which we sell in reference trade units, on the Internet, and through wholesalers. At the site in P\u00e9teri, we have machinery suitable for the economic production of series of 200 to 50,000 pieces, where the series size naturally depends on the packaging of the final product. The wide range of products produced at the plant consists of a combination of hundreds of raw materials and packaging units. The plant produces an average of 10-15 tons of cosmetic products per month (150-200 tons per year), nearly 70% of which is water, and the amount of raw and active ingredients used is 30-50 tons. The monitoring of the products is ensured, as the plant has an audited ISO9001 and ISO22716 (cosmetic GMP) quality management system, as well as a NATRUE and ECOCERT audit certifying the production of natural cosmetics. The package includes 4 semi-automatic dosing machines, an automatic tube filling machine and 4 types of labeling machines. All manufactured items are subject to quality control.<\/p><\/div><\/div>\t\t\t\t<\/div>\n\t\t\t\t<\/div>\n\t\t\t\t<div class=\"elementor-element elementor-element-22c40786 elementor-widget elementor-widget-image\" data-id=\"22c40786\" data-element_type=\"widget\" data-e-type=\"widget\" data-widget_type=\"image.default\">\n\t\t\t\t<div class=\"elementor-widget-container\">\n\t\t\t\t\t\t\t\t\t\t\t\t\t\t\t<img fetchpriority=\"high\" decoding=\"async\" width=\"800\" height=\"533\" src=\"https:\/\/kedo.hu\/wp-content\/uploads\/2023\/11\/kozmetikai-laboratorium.png\" class=\"attachment-large size-large wp-image-1411\" alt=\"\" srcset=\"https:\/\/kedo.hu\/wp-content\/uploads\/2023\/11\/kozmetikai-laboratorium.png 821w, https:\/\/kedo.hu\/wp-content\/uploads\/2023\/11\/kozmetikai-laboratorium-300x200.png 300w, https:\/\/kedo.hu\/wp-content\/uploads\/2023\/11\/kozmetikai-laboratorium-768x512.png 768w\" sizes=\"(max-width: 800px) 100vw, 800px\" \/>\t\t\t\t\t\t\t\t\t\t\t\t\t\t\t<\/div>\n\t\t\t\t<\/div>\n\t\t\t\t<\/div>\n\t\t<div class=\"elementor-element elementor-element-512fa648 e-con-full e-flex e-con e-child\" data-id=\"512fa648\" data-element_type=\"container\" data-e-type=\"container\">\n\t\t\t\t<div class=\"elementor-element elementor-element-55fb2d4f elementor-widget__width-initial elementor-widget-tablet__width-inherit elementor-widget-mobile__width-inherit elementor-position-top elementor-widget elementor-widget-image-box\" data-id=\"55fb2d4f\" data-element_type=\"widget\" data-e-type=\"widget\" data-widget_type=\"image-box.default\">\n\t\t\t\t<div class=\"elementor-widget-container\">\n\t\t\t\t\t<div class=\"elementor-image-box-wrapper\"><figure class=\"elementor-image-box-img\"><img decoding=\"async\" width=\"900\" height=\"600\" src=\"https:\/\/kedo.hu\/wp-content\/uploads\/2023\/11\/pipetta-kozmetikumok.png\" class=\"attachment-full size-full wp-image-1424\" alt=\"\" srcset=\"https:\/\/kedo.hu\/wp-content\/uploads\/2023\/11\/pipetta-kozmetikumok.png 900w, https:\/\/kedo.hu\/wp-content\/uploads\/2023\/11\/pipetta-kozmetikumok-300x200.png 300w, https:\/\/kedo.hu\/wp-content\/uploads\/2023\/11\/pipetta-kozmetikumok-768x512.png 768w\" sizes=\"(max-width: 900px) 100vw, 900px\" \/><\/figure><div class=\"elementor-image-box-content\"><h2 class=\"elementor-image-box-title\">OUR PHILOSOPHY<\/h2><p class=\"elementor-image-box-description\">From the beginning, we have been motivated by an unchanging goal to serve our customers with the highest possible quality and the greatest possible flexibility. While our company has been growing for years, hiring new employees, expanding the area of the plant and training the next layer of middle management, this one thing has never changed. After all, we know that our growth is also due to the fact that our customers are present, trust us and can count on us. That is why we try to maintain our initial flexibility and always adapt to the customer's needs. Our product development and production do not follow a single scheme. We know that each customer comes from a different industry, with a different goal and emphasis. Someone has a specific idea about everything and even puts the cap on the bottle himself, so we only manufacture the specific product, after jointly agreed development, while we help others even from developing the product concept, choosing and purchasing the packaging material. In addition, it is important that we do not have less important customers. The \"little ones\" are just as important to us as the \"big ones\". There is not one brand on the market that has grown alongside us and can count on us from the beginning.<\/p><\/div><\/div>\t\t\t\t<\/div>\n\t\t\t\t<\/div>\n\t\t\t\t<\/div>\n\t\t\t\t<\/div>\n\t\t<div class=\"elementor-element elementor-element-212be4a e-con-full e-flex e-con e-parent\" data-id=\"212be4a\" data-element_type=\"container\" data-e-type=\"container\" data-settings=\"{&quot;background_background&quot;:&quot;classic&quot;}\">\n\t\t<div class=\"elementor-element elementor-element-892179a e-con-full e-flex e-con e-child\" data-id=\"892179a\" data-element_type=\"container\" data-e-type=\"container\">\n\t\t\t\t<div class=\"elementor-element elementor-element-9a16ab2 elementor-widget__width-inherit elementor-widget-mobile__width-inherit elementor-widget elementor-widget-image-box\" data-id=\"9a16ab2\" data-element_type=\"widget\" data-e-type=\"widget\" data-widget_type=\"image-box.default\">\n\t\t\t\t<div class=\"elementor-widget-container\">\n\t\t\t\t\t<div class=\"elementor-image-box-wrapper\"><div class=\"elementor-image-box-content\"><h2 class=\"elementor-image-box-title\">SOCIAL RESPONSIBILITY<\/h2><p class=\"elementor-image-box-description\">During our work, we strive to be considerate of our environment and our future. We feel that, like all companies, we have an important part to play for sustainability and society. That is why we manage hazardous waste in accordance with the ISO 14001 Environmental Management System. We reuse the barrels used to store the finished products as often as possible, naturally after appropriate disinfection. If required, we take back the barrels from our partners so that no unnecessary plastic waste is generated. We provide our employees with the opportunity to come to work in a company car, picking each other up on the way, thus saving unnecessarily used fuel.<\/p><\/div><\/div>\t\t\t\t<\/div>\n\t\t\t\t<\/div>\n\t\t\t\t<div class=\"elementor-element elementor-element-71caf57 elementor-widget elementor-widget-image\" data-id=\"71caf57\" data-element_type=\"widget\" data-e-type=\"widget\" data-widget_type=\"image.default\">\n\t\t\t\t<div class=\"elementor-widget-container\">\n\t\t\t\t\t\t\t\t\t\t\t\t\t\t\t<img decoding=\"async\" width=\"800\" height=\"533\" src=\"https:\/\/kedo.hu\/wp-content\/uploads\/2023\/11\/kozmetikai-gyarto-uzem-01-1030x686.png\" class=\"attachment-large size-large wp-image-1450\" alt=\"\" srcset=\"https:\/\/kedo.hu\/wp-content\/uploads\/2023\/11\/kozmetikai-gyarto-uzem-01-1030x686.png 1030w, https:\/\/kedo.hu\/wp-content\/uploads\/2023\/11\/kozmetikai-gyarto-uzem-01-300x200.png 300w, https:\/\/kedo.hu\/wp-content\/uploads\/2023\/11\/kozmetikai-gyarto-uzem-01-768x512.png 768w, https:\/\/kedo.hu\/wp-content\/uploads\/2023\/11\/kozmetikai-gyarto-uzem-01-1536x1024.png 1536w, https:\/\/kedo.hu\/wp-content\/uploads\/2023\/11\/kozmetikai-gyarto-uzem-01.png 1970w\" sizes=\"(max-width: 800px) 100vw, 800px\" \/>\t\t\t\t\t\t\t\t\t\t\t\t\t\t\t<\/div>\n\t\t\t\t<\/div>\n\t\t\t\t<\/div>\n\t\t<div class=\"elementor-element elementor-element-66b7de3 e-con-full e-flex e-con e-child\" data-id=\"66b7de3\" data-element_type=\"container\" data-e-type=\"container\">\n\t\t\t\t<div class=\"elementor-element elementor-element-b245206 elementor-widget__width-initial elementor-widget-tablet__width-inherit elementor-widget-mobile__width-inherit elementor-position-top elementor-widget elementor-widget-image-box\" data-id=\"b245206\" data-element_type=\"widget\" data-e-type=\"widget\" data-widget_type=\"image-box.default\">\n\t\t\t\t<div class=\"elementor-widget-container\">\n\t\t\t\t\t<div class=\"elementor-image-box-wrapper\"><figure class=\"elementor-image-box-img\"><img loading=\"lazy\" decoding=\"async\" width=\"735\" height=\"490\" src=\"https:\/\/kedo.hu\/wp-content\/uploads\/2023\/11\/kremek-kedo.png\" class=\"attachment-full size-full wp-image-1414\" alt=\"\" srcset=\"https:\/\/kedo.hu\/wp-content\/uploads\/2023\/11\/kremek-kedo.png 735w, https:\/\/kedo.hu\/wp-content\/uploads\/2023\/11\/kremek-kedo-300x200.png 300w\" sizes=\"(max-width: 735px) 100vw, 735px\" \/><\/figure><div class=\"elementor-image-box-content\"><h2 class=\"elementor-image-box-title\">PRODUCT DEVELOPMENT PRINCIPLES<\/h2><p class=\"elementor-image-box-description\">The needs of our partners always come first for us, so we create the desired cosmetic products for everyone according to their own requests. From the very beginning, we pay attention to our partner's requests, so from the writing of the recipe to the packaging, we always keep the main goals in mind. All partners are equally important to us, whether small or large, old or new, returning or emerging. Regardless of how many of our services you use. In order to serve our customers quickly, we can also offer ready-made recipes to those who do not necessarily want to start the product development process. No matter what area or problem it is, we can almost certainly offer a well-proven, functional ready-made product for it. And for the sake of completeness, we are constantly expanding our services and our team. <\/p><\/div><\/div>\t\t\t\t<\/div>\n\t\t\t\t<\/div>\n\t\t\t\t<\/div>\n\t\t\t\t<\/div>\n\t\t<div class=\"elementor-element elementor-element-5ea5912 e-flex e-con-boxed e-con e-parent\" data-id=\"5ea5912\" data-element_type=\"container\" data-e-type=\"container\">\n\t\t\t\t\t<div class=\"e-con-inner\">\n\t\t\t\t<div class=\"elementor-element elementor-element-12d714b elementor-widget elementor-widget-spacer\" data-id=\"12d714b\" data-element_type=\"widget\" data-e-type=\"widget\" data-widget_type=\"spacer.default\">\n\t\t\t\t<div class=\"elementor-widget-container\">\n\t\t\t\t\t\t\t<div class=\"elementor-spacer\">\n\t\t\t<div class=\"elementor-spacer-inner\"><\/div>\n\t\t<\/div>\n\t\t\t\t\t\t<\/div>\n\t\t\t\t<\/div>\n\t\t\t\t\t<\/div>\n\t\t\t\t<\/div>\n\t\t\t\t<\/div>","protected":false},"excerpt":{"rendered":"<p>R\u00d3LUNK Tev\u00e9kenys\u00e9g\u00fcnk C\u00e9g\u00fcnk mind saj\u00e1t term\u00e9keket, mind b\u00e9rben gy\u00e1rtott saj\u00e1tm\u00e1rk\u00e1s term\u00e9keket \u00e1ll\u00edt el\u0151. A private label gy\u00e1rt\u00e1s k\u00e9pviseli tev\u00e9kenys\u00e9g\u00fcnk nagyobb r\u00e9sz\u00e9t. K\u00e9t saj\u00e1t \u2013 Petra \u00e9s Cosmedic m\u00e1rkan\u00e9v alatt forgalmazott \u2013 term\u00e9kcsal\u00e1ddal vagyunk jelen a hazai \u00e9s a k\u00f6rnyez\u0151, kelet-eur\u00f3pai orsz\u00e1gok piacain, amelyeket referencia kereskedelmi egys\u00e9gekben, interneten, illetve nagykeresked\u0151k\u00f6n kereszt\u00fcl \u00e9rt\u00e9kes\u00edt\u00fcnk. A P\u00e9teri telephelyen 200-t\u00f3l [&hellip;]<\/p>","protected":false},"author":2,"featured_media":0,"parent":0,"menu_order":0,"comment_status":"closed","ping_status":"closed","template":"","meta":{"footnotes":""},"class_list":["post-915","page","type-page","status-publish","hentry"],"yoast_head":"<!-- This site is optimized with the Yoast SEO Premium plugin v26.2 (Yoast SEO v27.4) - https:\/\/yoast.com\/product\/yoast-seo-premium-wordpress\/ -->\n<title>R\u00f3lunk - Kedo Eurocosmetics Kft.<\/title>\n<meta name=\"description\" content=\"C\u00e9g\u00fcnk mind saj\u00e1t kozmetikai term\u00e9keket, mind b\u00e9rben gy\u00e1rtott saj\u00e1tm\u00e1rk\u00e1s term\u00e9keket \u00e1ll\u00edt el\u0151. C\u00e9lunk, hogy, \u00fcgyfeleinket a lehet\u0151 legmagasabb min\u0151s\u00e9ggel, a lehet\u0151 legnagyobb rugalmass\u00e1ggal kiszolg\u00e1ljuk.\" \/>\n<meta name=\"robots\" content=\"index, follow, max-snippet:-1, max-image-preview:large, max-video-preview:-1\" \/>\n<link rel=\"canonical\" href=\"https:\/\/kedo.hu\/en\/rolunk\/\" \/>\n<meta property=\"og:locale\" content=\"en_GB\" \/>\n<meta property=\"og:type\" content=\"article\" \/>\n<meta property=\"og:title\" content=\"R\u00f3lunk\" \/>\n<meta property=\"og:description\" content=\"C\u00e9g\u00fcnk mind saj\u00e1t kozmetikai term\u00e9keket, mind b\u00e9rben gy\u00e1rtott saj\u00e1tm\u00e1rk\u00e1s term\u00e9keket \u00e1ll\u00edt el\u0151. C\u00e9lunk, hogy, \u00fcgyfeleinket a lehet\u0151 legmagasabb min\u0151s\u00e9ggel, a lehet\u0151 legnagyobb rugalmass\u00e1ggal kiszolg\u00e1ljuk.\" \/>\n<meta property=\"og:url\" content=\"https:\/\/kedo.hu\/en\/rolunk\/\" \/>\n<meta property=\"og:site_name\" content=\"Kedo Eurocosmetics Kft.\" \/>\n<meta property=\"article:publisher\" content=\"https:\/\/www.facebook.com\/kedoeurocosmeticskft\" \/>\n<meta property=\"article:modified_time\" content=\"2026-04-15T19:12:55+00:00\" \/>\n<meta property=\"og:image\" content=\"https:\/\/kedo.hu\/wp-content\/uploads\/2023\/11\/kozmetikai-laboratorium.png\" \/>\n\t<meta property=\"og:image:width\" content=\"821\" \/>\n\t<meta property=\"og:image:height\" content=\"547\" \/>\n\t<meta property=\"og:image:type\" content=\"image\/png\" \/>\n<meta name=\"twitter:card\" content=\"summary_large_image\" \/>\n<meta name=\"twitter:label1\" content=\"Estimated reading time\" \/>\n\t<meta name=\"twitter:data1\" content=\"4 minutes\" \/>\n<script type=\"application\/ld+json\" class=\"yoast-schema-graph\">{\"@context\":\"https:\\\/\\\/schema.org\",\"@graph\":[{\"@type\":\"WebPage\",\"@id\":\"https:\\\/\\\/kedo.hu\\\/rolunk\\\/\",\"url\":\"https:\\\/\\\/kedo.hu\\\/rolunk\\\/\",\"name\":\"R\u00f3lunk - Kedo Eurocosmetics Kft.\",\"isPartOf\":{\"@id\":\"https:\\\/\\\/kedo.hu\\\/#website\"},\"primaryImageOfPage\":{\"@id\":\"https:\\\/\\\/kedo.hu\\\/rolunk\\\/#primaryimage\"},\"image\":{\"@id\":\"https:\\\/\\\/kedo.hu\\\/rolunk\\\/#primaryimage\"},\"thumbnailUrl\":\"https:\\\/\\\/kedo.hu\\\/wp-content\\\/uploads\\\/2023\\\/11\\\/kozmetikai-laboratorium.png\",\"datePublished\":\"2023-11-11T12:13:12+00:00\",\"dateModified\":\"2026-04-15T19:12:55+00:00\",\"description\":\"C\u00e9g\u00fcnk mind saj\u00e1t kozmetikai term\u00e9keket, mind b\u00e9rben gy\u00e1rtott saj\u00e1tm\u00e1rk\u00e1s term\u00e9keket \u00e1ll\u00edt el\u0151. C\u00e9lunk, hogy, \u00fcgyfeleinket a lehet\u0151 legmagasabb min\u0151s\u00e9ggel, a lehet\u0151 legnagyobb rugalmass\u00e1ggal kiszolg\u00e1ljuk.\",\"breadcrumb\":{\"@id\":\"https:\\\/\\\/kedo.hu\\\/rolunk\\\/#breadcrumb\"},\"inLanguage\":\"en-GB\",\"potentialAction\":[{\"@type\":\"ReadAction\",\"target\":[\"https:\\\/\\\/kedo.hu\\\/rolunk\\\/\"]}]},{\"@type\":\"ImageObject\",\"inLanguage\":\"en-GB\",\"@id\":\"https:\\\/\\\/kedo.hu\\\/rolunk\\\/#primaryimage\",\"url\":\"https:\\\/\\\/kedo.hu\\\/wp-content\\\/uploads\\\/2023\\\/11\\\/kozmetikai-laboratorium.png\",\"contentUrl\":\"https:\\\/\\\/kedo.hu\\\/wp-content\\\/uploads\\\/2023\\\/11\\\/kozmetikai-laboratorium.png\"},{\"@type\":\"BreadcrumbList\",\"@id\":\"https:\\\/\\\/kedo.hu\\\/rolunk\\\/#breadcrumb\",\"itemListElement\":[{\"@type\":\"ListItem\",\"position\":1,\"name\":\"Kezd\u0151lap\",\"item\":\"https:\\\/\\\/kedo.hu\\\/\"},{\"@type\":\"ListItem\",\"position\":2,\"name\":\"R\u00f3lunk\"}]},{\"@type\":\"WebSite\",\"@id\":\"https:\\\/\\\/kedo.hu\\\/#website\",\"url\":\"https:\\\/\\\/kedo.hu\\\/\",\"name\":\"Kedo Eurocosmetics Kft.\",\"description\":\"kozmetikai term\u00e9kek fejleszt\u00e9se \u00e9s gy\u00e1rt\u00e1sa\",\"publisher\":{\"@id\":\"https:\\\/\\\/kedo.hu\\\/#organization\"},\"alternateName\":\"kozmetikai b\u00e9rgy\u00e1rt\u00e1s\",\"potentialAction\":[{\"@type\":\"SearchAction\",\"target\":{\"@type\":\"EntryPoint\",\"urlTemplate\":\"https:\\\/\\\/kedo.hu\\\/?s={search_term_string}\"},\"query-input\":{\"@type\":\"PropertyValueSpecification\",\"valueRequired\":true,\"valueName\":\"search_term_string\"}}],\"inLanguage\":\"en-GB\"},{\"@type\":\"Organization\",\"@id\":\"https:\\\/\\\/kedo.hu\\\/#organization\",\"name\":\"Kedo Eurocosmetics Kft.\",\"url\":\"https:\\\/\\\/kedo.hu\\\/\",\"logo\":{\"@type\":\"ImageObject\",\"inLanguage\":\"en-GB\",\"@id\":\"https:\\\/\\\/kedo.hu\\\/#\\\/schema\\\/logo\\\/image\\\/\",\"url\":\"https:\\\/\\\/kedo.hu\\\/wp-content\\\/uploads\\\/2023\\\/10\\\/cropped-kedo-eurocosmetics-logo.png\",\"contentUrl\":\"https:\\\/\\\/kedo.hu\\\/wp-content\\\/uploads\\\/2023\\\/10\\\/cropped-kedo-eurocosmetics-logo.png\",\"width\":800,\"height\":500,\"caption\":\"Kedo Eurocosmetics Kft.\"},\"image\":{\"@id\":\"https:\\\/\\\/kedo.hu\\\/#\\\/schema\\\/logo\\\/image\\\/\"},\"sameAs\":[\"https:\\\/\\\/www.facebook.com\\\/kedoeurocosmeticskft\"]}]}<\/script>\n<!-- \/ Yoast SEO Premium plugin. -->","yoast_head_json":{"title":"R\u00f3lunk - Kedo Eurocosmetics Kft.","description":"C\u00e9g\u00fcnk mind saj\u00e1t kozmetikai term\u00e9keket, mind b\u00e9rben gy\u00e1rtott saj\u00e1tm\u00e1rk\u00e1s term\u00e9keket \u00e1ll\u00edt el\u0151. C\u00e9lunk, hogy, \u00fcgyfeleinket a lehet\u0151 legmagasabb min\u0151s\u00e9ggel, a lehet\u0151 legnagyobb rugalmass\u00e1ggal kiszolg\u00e1ljuk.","robots":{"index":"index","follow":"follow","max-snippet":"max-snippet:-1","max-image-preview":"max-image-preview:large","max-video-preview":"max-video-preview:-1"},"canonical":"https:\/\/kedo.hu\/en\/rolunk\/","og_locale":"en_GB","og_type":"article","og_title":"R\u00f3lunk","og_description":"C\u00e9g\u00fcnk mind saj\u00e1t kozmetikai term\u00e9keket, mind b\u00e9rben gy\u00e1rtott saj\u00e1tm\u00e1rk\u00e1s term\u00e9keket \u00e1ll\u00edt el\u0151. C\u00e9lunk, hogy, \u00fcgyfeleinket a lehet\u0151 legmagasabb min\u0151s\u00e9ggel, a lehet\u0151 legnagyobb rugalmass\u00e1ggal kiszolg\u00e1ljuk.","og_url":"https:\/\/kedo.hu\/en\/rolunk\/","og_site_name":"Kedo Eurocosmetics Kft.","article_publisher":"https:\/\/www.facebook.com\/kedoeurocosmeticskft","article_modified_time":"2026-04-15T19:12:55+00:00","og_image":[{"width":821,"height":547,"url":"https:\/\/kedo.hu\/wp-content\/uploads\/2023\/11\/kozmetikai-laboratorium.png","type":"image\/png"}],"twitter_card":"summary_large_image","twitter_misc":{"Estimated reading time":"4 minutes"},"schema":{"@context":"https:\/\/schema.org","@graph":[{"@type":"WebPage","@id":"https:\/\/kedo.hu\/rolunk\/","url":"https:\/\/kedo.hu\/rolunk\/","name":"R\u00f3lunk - Kedo Eurocosmetics Kft.","isPartOf":{"@id":"https:\/\/kedo.hu\/#website"},"primaryImageOfPage":{"@id":"https:\/\/kedo.hu\/rolunk\/#primaryimage"},"image":{"@id":"https:\/\/kedo.hu\/rolunk\/#primaryimage"},"thumbnailUrl":"https:\/\/kedo.hu\/wp-content\/uploads\/2023\/11\/kozmetikai-laboratorium.png","datePublished":"2023-11-11T12:13:12+00:00","dateModified":"2026-04-15T19:12:55+00:00","description":"C\u00e9g\u00fcnk mind saj\u00e1t kozmetikai term\u00e9keket, mind b\u00e9rben gy\u00e1rtott saj\u00e1tm\u00e1rk\u00e1s term\u00e9keket \u00e1ll\u00edt el\u0151. C\u00e9lunk, hogy, \u00fcgyfeleinket a lehet\u0151 legmagasabb min\u0151s\u00e9ggel, a lehet\u0151 legnagyobb rugalmass\u00e1ggal kiszolg\u00e1ljuk.","breadcrumb":{"@id":"https:\/\/kedo.hu\/rolunk\/#breadcrumb"},"inLanguage":"en-GB","potentialAction":[{"@type":"ReadAction","target":["https:\/\/kedo.hu\/rolunk\/"]}]},{"@type":"ImageObject","inLanguage":"en-GB","@id":"https:\/\/kedo.hu\/rolunk\/#primaryimage","url":"https:\/\/kedo.hu\/wp-content\/uploads\/2023\/11\/kozmetikai-laboratorium.png","contentUrl":"https:\/\/kedo.hu\/wp-content\/uploads\/2023\/11\/kozmetikai-laboratorium.png"},{"@type":"BreadcrumbList","@id":"https:\/\/kedo.hu\/rolunk\/#breadcrumb","itemListElement":[{"@type":"ListItem","position":1,"name":"Kezd\u0151lap","item":"https:\/\/kedo.hu\/"},{"@type":"ListItem","position":2,"name":"R\u00f3lunk"}]},{"@type":"WebSite","@id":"https:\/\/kedo.hu\/#website","url":"https:\/\/kedo.hu\/","name":"Kedo Eurocosmetics Kft.","description":"kozmetikai term\u00e9kek fejleszt\u00e9se \u00e9s gy\u00e1rt\u00e1sa","publisher":{"@id":"https:\/\/kedo.hu\/#organization"},"alternateName":"kozmetikai b\u00e9rgy\u00e1rt\u00e1s","potentialAction":[{"@type":"SearchAction","target":{"@type":"EntryPoint","urlTemplate":"https:\/\/kedo.hu\/?s={search_term_string}"},"query-input":{"@type":"PropertyValueSpecification","valueRequired":true,"valueName":"search_term_string"}}],"inLanguage":"en-GB"},{"@type":"Organization","@id":"https:\/\/kedo.hu\/#organization","name":"Kedo Eurocosmetics Kft.","url":"https:\/\/kedo.hu\/","logo":{"@type":"ImageObject","inLanguage":"en-GB","@id":"https:\/\/kedo.hu\/#\/schema\/logo\/image\/","url":"https:\/\/kedo.hu\/wp-content\/uploads\/2023\/10\/cropped-kedo-eurocosmetics-logo.png","contentUrl":"https:\/\/kedo.hu\/wp-content\/uploads\/2023\/10\/cropped-kedo-eurocosmetics-logo.png","width":800,"height":500,"caption":"Kedo Eurocosmetics Kft."},"image":{"@id":"https:\/\/kedo.hu\/#\/schema\/logo\/image\/"},"sameAs":["https:\/\/www.facebook.com\/kedoeurocosmeticskft"]}]}},"_links":{"self":[{"href":"https:\/\/kedo.hu\/en\/wp-json\/wp\/v2\/pages\/915","targetHints":{"allow":["GET"]}}],"collection":[{"href":"https:\/\/kedo.hu\/en\/wp-json\/wp\/v2\/pages"}],"about":[{"href":"https:\/\/kedo.hu\/en\/wp-json\/wp\/v2\/types\/page"}],"author":[{"embeddable":true,"href":"https:\/\/kedo.hu\/en\/wp-json\/wp\/v2\/users\/2"}],"replies":[{"embeddable":true,"href":"https:\/\/kedo.hu\/en\/wp-json\/wp\/v2\/comments?post=915"}],"version-history":[{"count":61,"href":"https:\/\/kedo.hu\/en\/wp-json\/wp\/v2\/pages\/915\/revisions"}],"predecessor-version":[{"id":2534,"href":"https:\/\/kedo.hu\/en\/wp-json\/wp\/v2\/pages\/915\/revisions\/2534"}],"wp:attachment":[{"href":"https:\/\/kedo.hu\/en\/wp-json\/wp\/v2\/media?parent=915"}],"curies":[{"name":"wp","href":"https:\/\/api.w.org\/{rel}","templated":true}]}}