{"id":899,"date":"2023-11-11T11:44:56","date_gmt":"2023-11-11T11:44:56","guid":{"rendered":"https:\/\/kedo.hu\/?page_id=899"},"modified":"2026-04-15T19:13:39","modified_gmt":"2026-04-15T19:13:39","slug":"tortenetunk","status":"publish","type":"page","link":"https:\/\/kedo.hu\/en\/tortenetunk\/","title":{"rendered":"Our history"},"content":{"rendered":"<div data-elementor-type=\"wp-page\" data-elementor-id=\"899\" class=\"elementor elementor-899\" data-elementor-post-type=\"page\">\n\t\t\t\t<div class=\"elementor-element elementor-element-40c6e6e e-flex e-con-boxed e-con e-parent\" data-id=\"40c6e6e\" data-element_type=\"container\" data-e-type=\"container\" data-settings=\"{&quot;background_background&quot;:&quot;classic&quot;,&quot;background_motion_fx_motion_fx_scrolling&quot;:&quot;yes&quot;,&quot;background_motion_fx_translateY_effect&quot;:&quot;yes&quot;,&quot;background_motion_fx_translateY_speed&quot;:{&quot;unit&quot;:&quot;px&quot;,&quot;size&quot;:8.6,&quot;sizes&quot;:[]},&quot;background_motion_fx_translateY_affectedRange&quot;:{&quot;unit&quot;:&quot;%&quot;,&quot;size&quot;:&quot;&quot;,&quot;sizes&quot;:{&quot;start&quot;:0,&quot;end&quot;:100}},&quot;background_motion_fx_devices&quot;:[&quot;desktop&quot;,&quot;tablet&quot;,&quot;mobile&quot;]}\">\n\t\t\t\t\t<div class=\"e-con-inner\">\n\t\t<div class=\"elementor-element elementor-element-0e6e4dd e-flex e-con-boxed e-con e-child\" data-id=\"0e6e4dd\" data-element_type=\"container\" data-e-type=\"container\">\n\t\t\t\t\t<div class=\"e-con-inner\">\n\t\t\t\t<div class=\"elementor-element elementor-element-eaca108 elementor-widget elementor-widget-heading\" data-id=\"eaca108\" data-element_type=\"widget\" data-e-type=\"widget\" data-widget_type=\"heading.default\">\n\t\t\t\t<div class=\"elementor-widget-container\">\n\t\t\t\t\t<h1 class=\"elementor-heading-title elementor-size-default\">OUR HISTORY<\/h1>\t\t\t\t<\/div>\n\t\t\t\t<\/div>\n\t\t\t\t\t<\/div>\n\t\t\t\t<\/div>\n\t\t\t\t\t<\/div>\n\t\t\t\t<\/div>\n\t\t<div class=\"elementor-element elementor-element-968f8f5 e-flex e-con-boxed e-con e-parent\" data-id=\"968f8f5\" data-element_type=\"container\" data-e-type=\"container\">\n\t\t\t\t\t<div class=\"e-con-inner\">\n\t\t\t\t<div class=\"elementor-element elementor-element-4a114af elementor-widget elementor-widget-spacer\" data-id=\"4a114af\" data-element_type=\"widget\" data-e-type=\"widget\" data-widget_type=\"spacer.default\">\n\t\t\t\t<div class=\"elementor-widget-container\">\n\t\t\t\t\t\t\t<div class=\"elementor-spacer\">\n\t\t\t<div class=\"elementor-spacer-inner\"><\/div>\n\t\t<\/div>\n\t\t\t\t\t\t<\/div>\n\t\t\t\t<\/div>\n\t\t\t\t\t<\/div>\n\t\t\t\t<\/div>\n\t\t<div class=\"elementor-element elementor-element-488f5f13 e-con-full e-flex e-con e-parent\" data-id=\"488f5f13\" data-element_type=\"container\" data-e-type=\"container\" data-settings=\"{&quot;background_background&quot;:&quot;classic&quot;}\">\n\t\t<div class=\"elementor-element elementor-element-1b14448d e-con-full e-flex e-con e-child\" data-id=\"1b14448d\" data-element_type=\"container\" data-e-type=\"container\">\n\t\t\t\t<div class=\"elementor-element elementor-element-1c8a605d elementor-widget__width-initial elementor-widget-tablet__width-inherit elementor-widget-mobile__width-inherit elementor-position-top elementor-widget elementor-widget-image-box\" data-id=\"1c8a605d\" data-element_type=\"widget\" data-e-type=\"widget\" data-widget_type=\"image-box.default\">\n\t\t\t\t<div class=\"elementor-widget-container\">\n\t\t\t\t\t<div class=\"elementor-image-box-wrapper\"><figure class=\"elementor-image-box-img\"><img fetchpriority=\"high\" decoding=\"async\" width=\"2254\" height=\"1690\" src=\"https:\/\/kedo.hu\/wp-content\/uploads\/2023\/11\/kedo-regi-labor2.jpg\" class=\"attachment-full size-full wp-image-1119\" alt=\"\" srcset=\"https:\/\/kedo.hu\/wp-content\/uploads\/2023\/11\/kedo-regi-labor2.jpg 2254w, https:\/\/kedo.hu\/wp-content\/uploads\/2023\/11\/kedo-regi-labor2-300x225.jpg 300w, https:\/\/kedo.hu\/wp-content\/uploads\/2023\/11\/kedo-regi-labor2-1030x772.jpg 1030w, https:\/\/kedo.hu\/wp-content\/uploads\/2023\/11\/kedo-regi-labor2-768x576.jpg 768w, https:\/\/kedo.hu\/wp-content\/uploads\/2023\/11\/kedo-regi-labor2-1536x1152.jpg 1536w, https:\/\/kedo.hu\/wp-content\/uploads\/2023\/11\/kedo-regi-labor2-2048x1536.jpg 2048w\" sizes=\"(max-width: 2254px) 100vw, 2254px\" \/><\/figure><div class=\"elementor-image-box-content\"><h2 class=\"elementor-image-box-title\">THE EXPLOSION BROUGHT BY THE 90'S<\/h2><p class=\"elementor-image-box-description\">At the beginning of the system change, the company at that time also changed its form, so we became a limited company for the first time. But not only this change came, but also the first major move, as we outgrew the then room-sized basement premises. It became necessary to create a bigger home for the production of cosmetics in order to keep up with the orders. The 90s brought the period of flavored, colorful, odorous cosmetics. Everything that was in demand at the time was produced, starting with the sour cherry jelly. We constantly followed trends and innovations - as it is no different today - and tried to be among the first to offer solutions to renewed needs. The first major move and expansion also took place. In the meantime, Petra's own brand, which has been on the market ever since, was created, the sales of which grew rapidly. In addition to Private Label manufacturing of cosmetics, we also tried to strengthen our own line. Due to the explosive increase in demand, we joined a larger network so that we can sell our cosmetics with full territorial coverage. Unfortunately, this also led to the loss of the company in the early 2000s.<\/p><\/div><\/div>\t\t\t\t<\/div>\n\t\t\t\t<\/div>\n\t\t\t\t<\/div>\n\t\t<div class=\"elementor-element elementor-element-58f6284a e-con-full e-flex e-con e-child\" data-id=\"58f6284a\" data-element_type=\"container\" data-e-type=\"container\">\n\t\t\t\t<div class=\"elementor-element elementor-element-516aeb7 elementor-widget__width-inherit elementor-widget-mobile__width-inherit elementor-widget elementor-widget-image-box\" data-id=\"516aeb7\" data-element_type=\"widget\" data-e-type=\"widget\" data-widget_type=\"image-box.default\">\n\t\t\t\t<div class=\"elementor-widget-container\">\n\t\t\t\t\t<div class=\"elementor-image-box-wrapper\"><div class=\"elementor-image-box-content\"><h2 class=\"elementor-image-box-title\">STARTING FROM THE LUGGAGE RACK OF A ZGIGULI<\/h2><p class=\"elementor-image-box-description\">Our history goes back to 1981, when even before the regime change, cosmetic products were only manufactured by one company in our country. Purchasing raw materials was difficult, and there was no one to supply the beauticians. Pharmacies occasionally mixed cosmetic creams, but they also suffered from a constant lack of raw materials. In this situation, at the first opportunity when it was possible to create private enterprises, KEDO started its journey under its then name. In the development of cosmetic creams and masks, the primary target audience was beauticians, as they had the greatest demand for creams at that time. The raw materials were mainly obtained from pharmacies. From the very beginning, sales ran on a separate thread, we cooperated with a married couple who, in their spare time, transported the manufactured products in the trunk of their Zsiguli to the target audience. Exhibitions also started around this time, so we were regularly found at the University of Technology and Vigado, among others. We have always considered it important to develop ourselves, so our owner, a chemical engineer, who was responsible for the production of cosmetic formulas and the production of cosmetic products, regularly attended courses for beauticians in order to master the profession as deeply as possible.<\/p><\/div><\/div>\t\t\t\t<\/div>\n\t\t\t\t<\/div>\n\t\t\t\t<div class=\"elementor-element elementor-element-b43647d elementor-widget elementor-widget-image\" data-id=\"b43647d\" data-element_type=\"widget\" data-e-type=\"widget\" data-widget_type=\"image.default\">\n\t\t\t\t<div class=\"elementor-widget-container\">\n\t\t\t\t\t\t\t\t\t\t\t\t\t\t\t<img decoding=\"async\" width=\"800\" height=\"600\" src=\"https:\/\/kedo.hu\/wp-content\/uploads\/2023\/11\/kedo-kozmetikum-1030x773.jpg\" class=\"attachment-large size-large wp-image-1126\" alt=\"\" srcset=\"https:\/\/kedo.hu\/wp-content\/uploads\/2023\/11\/kedo-kozmetikum-1030x773.jpg 1030w, https:\/\/kedo.hu\/wp-content\/uploads\/2023\/11\/kedo-kozmetikum-300x225.jpg 300w, https:\/\/kedo.hu\/wp-content\/uploads\/2023\/11\/kedo-kozmetikum-768x576.jpg 768w, https:\/\/kedo.hu\/wp-content\/uploads\/2023\/11\/kedo-kozmetikum-1536x1152.jpg 1536w, https:\/\/kedo.hu\/wp-content\/uploads\/2023\/11\/kedo-kozmetikum-2048x1536.jpg 2048w\" sizes=\"(max-width: 800px) 100vw, 800px\" \/>\t\t\t\t\t\t\t\t\t\t\t\t\t\t\t<\/div>\n\t\t\t\t<\/div>\n\t\t\t\t<\/div>\n\t\t\t\t<\/div>\n\t\t<div class=\"elementor-element elementor-element-d8a7a30 e-con-full e-flex e-con e-parent\" data-id=\"d8a7a30\" data-element_type=\"container\" data-e-type=\"container\" data-settings=\"{&quot;background_background&quot;:&quot;classic&quot;}\">\n\t\t<div class=\"elementor-element elementor-element-12aa9f2 e-con-full e-flex e-con e-child\" data-id=\"12aa9f2\" data-element_type=\"container\" data-e-type=\"container\">\n\t\t\t\t<div class=\"elementor-element elementor-element-bada449 elementor-widget__width-initial elementor-widget-tablet__width-inherit elementor-widget-mobile__width-inherit elementor-position-top elementor-widget elementor-widget-image-box\" data-id=\"bada449\" data-element_type=\"widget\" data-e-type=\"widget\" data-widget_type=\"image-box.default\">\n\t\t\t\t<div class=\"elementor-widget-container\">\n\t\t\t\t\t<div class=\"elementor-image-box-wrapper\"><figure class=\"elementor-image-box-img\"><img decoding=\"async\" width=\"2133\" height=\"1600\" src=\"https:\/\/kedo.hu\/wp-content\/uploads\/2023\/11\/kedo-raktar.jpg\" class=\"attachment-full size-full wp-image-1124\" alt=\"\" srcset=\"https:\/\/kedo.hu\/wp-content\/uploads\/2023\/11\/kedo-raktar.jpg 2133w, https:\/\/kedo.hu\/wp-content\/uploads\/2023\/11\/kedo-raktar-300x225.jpg 300w, https:\/\/kedo.hu\/wp-content\/uploads\/2023\/11\/kedo-raktar-1030x773.jpg 1030w, https:\/\/kedo.hu\/wp-content\/uploads\/2023\/11\/kedo-raktar-768x576.jpg 768w, https:\/\/kedo.hu\/wp-content\/uploads\/2023\/11\/kedo-raktar-1536x1152.jpg 1536w, https:\/\/kedo.hu\/wp-content\/uploads\/2023\/11\/kedo-raktar-2048x1536.jpg 2048w\" sizes=\"(max-width: 2133px) 100vw, 2133px\" \/><\/figure><div class=\"elementor-image-box-content\"><p class=\"elementor-image-box-description\">2009-ben akadtunk r\u00e1 a jelenleg is haszn\u00e1lt telekre, amit a Vid\u00e9kfejleszt\u00e9si p\u00e1ly\u00e1zat r\u00e9szek\u00e9nt siker\u00fclt \u00e1t\u00e9p\u00edteni \u00e9s kib\u0151v\u00edteni. 2011-ben \u00edgy v\u00e9gleg \u00e1tk\u00f6lt\u00f6zt\u00fcnk Mend\u00e9r\u0151l. A l\u00e9tsz\u00e1munk viszont tov\u00e1bbra is n\u0151tt, ahogyan a partnereink sz\u00e1ma is, \u00edgy 2017-ben, 2019-ben \u00e9s 2023-ban is b\u0151v\u00edtett\u00fck \u00fczem\u00fcnk \u00e9p\u00fclet\u00e9t, egyre t\u00f6bb rakt\u00e1rak, labort \u00e9s gy\u00e1rt\u00f3helyis\u00e9get hozva l\u00e9tre.\n\nAlapter\u00fclet\u00fcnk P\u00e9teriben a kezdetkor 800 nm-es volt, m\u00edg mostanra a dupl\u00e1j\u00e1ra n\u0151tte ki mag\u00e1t kozmetikai \u00fczem\u00fcnk. Ugyanez mondhat\u00f3 el a l\u00e9tsz\u00e1mr\u00f3l is.\n\n2019-ben a kezdetek \u00f3ta el\u0151sz\u00f6r t\u00f6rt\u00e9nt \u00fcgyvezet\u0151 v\u00e1lt\u00e1s, amikor is Dominus T. P\u00e9ter vette \u00e1t a c\u00e9g vezet\u00e9s\u00e9t. Ezzel a c\u00e9g tov\u00e1bbra is abban a csal\u00e1dban maradt, akiknek mindig is a partnereik \u00e9s a fejl\u0151d\u00e9s volt a legfontosabb. \u00cdgy folyamatosan azon vagyunk, hogy fenntartsuk azt a h\u00e1tteret, ami lehet\u0151v\u00e9 teszi, hogy a legjobb min\u0151s\u00e9gben, a lehet\u0151 legrugalmasabban szolg\u00e1ljuk ki partnereinket.<\/p><\/div><\/div>\t\t\t\t<\/div>\n\t\t\t\t<\/div>\n\t\t\t\t<\/div>\n\t\t<div class=\"elementor-element elementor-element-17b7c90 e-con-full e-flex e-con e-child\" data-id=\"17b7c90\" data-element_type=\"container\" data-e-type=\"container\">\n\t\t\t\t<div class=\"elementor-element elementor-element-920585d elementor-widget__width-inherit elementor-widget-mobile__width-inherit elementor-widget elementor-widget-image-box\" data-id=\"920585d\" data-element_type=\"widget\" data-e-type=\"widget\" data-widget_type=\"image-box.default\">\n\t\t\t\t<div class=\"elementor-widget-container\">\n\t\t\t\t\t<div class=\"elementor-image-box-wrapper\"><div class=\"elementor-image-box-content\"><h2 class=\"elementor-image-box-title\">AND THE ROAD TO OUR CURRENT PLANT<\/h2><p class=\"elementor-image-box-description\">The demand for our products remained, the relationship with our partners was close, so trusting in us, they wanted to continue to order exclusively from us. This helped the current KEDO to be established immediately and to continue the production of cosmetic products undisturbed, now on Street Pest and later on Mende. In the middle of the 2000s, several leading brands, which were private labe manufacturing to us, arrived with new big releases, so the expansions were continuous. Even the crisis could not throw us off balance at that time, we were lucky to say that we managed to maintain our stability and get through this period with ease. Both the limited absorption capacity of the domestic consumer market and the changes brought about by joining the EU made it necessary to open up to new markets. The market expansion strategy defined in 2004 was completed by 2008. This year, sales of both our own and private label products began in Sweden, Germany, Switzerland, France, and Spain, and the products we manufacture also reached such distant countries as the USA, Vietnam, and Australia.<\/p><\/div><\/div>\t\t\t\t<\/div>\n\t\t\t\t<\/div>\n\t\t\t\t<div class=\"elementor-element elementor-element-f3046cc elementor-widget elementor-widget-image\" data-id=\"f3046cc\" data-element_type=\"widget\" data-e-type=\"widget\" data-widget_type=\"image.default\">\n\t\t\t\t<div class=\"elementor-widget-container\">\n\t\t\t\t\t\t\t\t\t\t\t\t\t\t\t<img loading=\"lazy\" decoding=\"async\" width=\"800\" height=\"547\" src=\"https:\/\/kedo.hu\/wp-content\/uploads\/2023\/11\/kedo-regi-gyartosor-1030x704.jpg\" class=\"attachment-large size-large wp-image-1118\" alt=\"\" srcset=\"https:\/\/kedo.hu\/wp-content\/uploads\/2023\/11\/kedo-regi-gyartosor-1030x704.jpg 1030w, https:\/\/kedo.hu\/wp-content\/uploads\/2023\/11\/kedo-regi-gyartosor-300x205.jpg 300w, https:\/\/kedo.hu\/wp-content\/uploads\/2023\/11\/kedo-regi-gyartosor-768x525.jpg 768w, https:\/\/kedo.hu\/wp-content\/uploads\/2023\/11\/kedo-regi-gyartosor-1536x1050.jpg 1536w, https:\/\/kedo.hu\/wp-content\/uploads\/2023\/11\/kedo-regi-gyartosor.jpg 2034w\" sizes=\"(max-width: 800px) 100vw, 800px\" \/>\t\t\t\t\t\t\t\t\t\t\t\t\t\t\t<\/div>\n\t\t\t\t<\/div>\n\t\t\t\t<\/div>\n\t\t\t\t<\/div>\n\t\t<div class=\"elementor-element elementor-element-fcec126 e-flex e-con-boxed e-con e-parent\" data-id=\"fcec126\" data-element_type=\"container\" data-e-type=\"container\">\n\t\t\t\t\t<div class=\"e-con-inner\">\n\t\t\t\t<div class=\"elementor-element elementor-element-e5eb89a elementor-widget elementor-widget-spacer\" data-id=\"e5eb89a\" data-element_type=\"widget\" data-e-type=\"widget\" data-widget_type=\"spacer.default\">\n\t\t\t\t<div class=\"elementor-widget-container\">\n\t\t\t\t\t\t\t<div class=\"elementor-spacer\">\n\t\t\t<div class=\"elementor-spacer-inner\"><\/div>\n\t\t<\/div>\n\t\t\t\t\t\t<\/div>\n\t\t\t\t<\/div>\n\t\t\t\t\t<\/div>\n\t\t\t\t<\/div>\n\t\t\t\t<\/div>","protected":false},"excerpt":{"rendered":"<p>T\u00d6RT\u00c9NET\u00dcNK A 90-es \u00e9vek hozta robban\u00e1s A rendszerv\u00e1lt\u00e1s elej\u00e9n az akkori c\u00e9g form\u00e1t is v\u00e1ltott, \u00edgy lett\u00fcnk el\u0151sz\u00f6r Kft. De nem csak ez a v\u00e1ltoz\u00e1s j\u00f6tt el, hanem az els\u0151 nagyobb k\u00f6lt\u00f6z\u00e9s is, hiszen az akkori szob\u00e1nyi pince helyis\u00e9geket kin\u0151tt\u00fck. Sz\u00fcks\u00e9gess\u00e9 v\u00e1lt egy nagyobb otthon megteremt\u00e9se a kozmetikumok gy\u00e1rt\u00e1s\u00e1nak, hogy l\u00e9pest tudjunk tartani a megrendel\u00e9sekkel. [&hellip;]<\/p>","protected":false},"author":2,"featured_media":0,"parent":0,"menu_order":0,"comment_status":"closed","ping_status":"closed","template":"","meta":{"footnotes":""},"class_list":["post-899","page","type-page","status-publish","hentry"],"yoast_head":"<!-- This site is optimized with the Yoast SEO Premium plugin v26.2 (Yoast SEO v27.4) - https:\/\/yoast.com\/product\/yoast-seo-premium-wordpress\/ -->\n<title>T\u00f6rt\u00e9net\u00fcnk - Kedo Eurocosmetics Kft.<\/title>\n<meta name=\"robots\" content=\"index, follow, max-snippet:-1, max-image-preview:large, max-video-preview:-1\" \/>\n<link rel=\"canonical\" href=\"https:\/\/kedo.hu\/en\/tortenetunk\/\" \/>\n<meta property=\"og:locale\" content=\"en_GB\" \/>\n<meta property=\"og:type\" content=\"article\" \/>\n<meta property=\"og:title\" content=\"T\u00f6rt\u00e9net\u00fcnk\" \/>\n<meta property=\"og:description\" content=\"T\u00d6RT\u00c9NET\u00dcNK A 90-es \u00e9vek hozta robban\u00e1s A rendszerv\u00e1lt\u00e1s elej\u00e9n az akkori c\u00e9g form\u00e1t is v\u00e1ltott, \u00edgy lett\u00fcnk el\u0151sz\u00f6r Kft. De nem csak ez a v\u00e1ltoz\u00e1s j\u00f6tt el, hanem az els\u0151 nagyobb k\u00f6lt\u00f6z\u00e9s is, hiszen az akkori szob\u00e1nyi pince helyis\u00e9geket kin\u0151tt\u00fck. Sz\u00fcks\u00e9gess\u00e9 v\u00e1lt egy nagyobb otthon megteremt\u00e9se a kozmetikumok gy\u00e1rt\u00e1s\u00e1nak, hogy l\u00e9pest tudjunk tartani a megrendel\u00e9sekkel. [&hellip;]\" \/>\n<meta property=\"og:url\" content=\"https:\/\/kedo.hu\/en\/tortenetunk\/\" \/>\n<meta property=\"og:site_name\" content=\"Kedo Eurocosmetics Kft.\" \/>\n<meta property=\"article:publisher\" content=\"https:\/\/www.facebook.com\/kedoeurocosmeticskft\" \/>\n<meta property=\"article:modified_time\" content=\"2026-04-15T19:13:39+00:00\" \/>\n<meta property=\"og:image\" content=\"https:\/\/kedo.hu\/wp-content\/uploads\/2023\/11\/kedo-regi-labor2.jpg\" \/>\n\t<meta property=\"og:image:width\" content=\"2254\" \/>\n\t<meta property=\"og:image:height\" content=\"1690\" \/>\n\t<meta property=\"og:image:type\" content=\"image\/jpeg\" \/>\n<meta name=\"twitter:card\" content=\"summary_large_image\" \/>\n<meta name=\"twitter:label1\" content=\"Estimated reading time\" \/>\n\t<meta name=\"twitter:data1\" content=\"5 minutes\" \/>\n<script type=\"application\/ld+json\" class=\"yoast-schema-graph\">{\"@context\":\"https:\\\/\\\/schema.org\",\"@graph\":[{\"@type\":\"WebPage\",\"@id\":\"https:\\\/\\\/kedo.hu\\\/tortenetunk\\\/\",\"url\":\"https:\\\/\\\/kedo.hu\\\/tortenetunk\\\/\",\"name\":\"T\u00f6rt\u00e9net\u00fcnk - Kedo Eurocosmetics Kft.\",\"isPartOf\":{\"@id\":\"https:\\\/\\\/kedo.hu\\\/#website\"},\"primaryImageOfPage\":{\"@id\":\"https:\\\/\\\/kedo.hu\\\/tortenetunk\\\/#primaryimage\"},\"image\":{\"@id\":\"https:\\\/\\\/kedo.hu\\\/tortenetunk\\\/#primaryimage\"},\"thumbnailUrl\":\"https:\\\/\\\/kedo.hu\\\/wp-content\\\/uploads\\\/2023\\\/11\\\/kedo-regi-labor2.jpg\",\"datePublished\":\"2023-11-11T11:44:56+00:00\",\"dateModified\":\"2026-04-15T19:13:39+00:00\",\"breadcrumb\":{\"@id\":\"https:\\\/\\\/kedo.hu\\\/tortenetunk\\\/#breadcrumb\"},\"inLanguage\":\"en-GB\",\"potentialAction\":[{\"@type\":\"ReadAction\",\"target\":[\"https:\\\/\\\/kedo.hu\\\/tortenetunk\\\/\"]}]},{\"@type\":\"ImageObject\",\"inLanguage\":\"en-GB\",\"@id\":\"https:\\\/\\\/kedo.hu\\\/tortenetunk\\\/#primaryimage\",\"url\":\"https:\\\/\\\/kedo.hu\\\/wp-content\\\/uploads\\\/2023\\\/11\\\/kedo-regi-labor2.jpg\",\"contentUrl\":\"https:\\\/\\\/kedo.hu\\\/wp-content\\\/uploads\\\/2023\\\/11\\\/kedo-regi-labor2.jpg\"},{\"@type\":\"BreadcrumbList\",\"@id\":\"https:\\\/\\\/kedo.hu\\\/tortenetunk\\\/#breadcrumb\",\"itemListElement\":[{\"@type\":\"ListItem\",\"position\":1,\"name\":\"Kezd\u0151lap\",\"item\":\"https:\\\/\\\/kedo.hu\\\/\"},{\"@type\":\"ListItem\",\"position\":2,\"name\":\"T\u00f6rt\u00e9net\u00fcnk\"}]},{\"@type\":\"WebSite\",\"@id\":\"https:\\\/\\\/kedo.hu\\\/#website\",\"url\":\"https:\\\/\\\/kedo.hu\\\/\",\"name\":\"Kedo Eurocosmetics Kft.\",\"description\":\"kozmetikai term\u00e9kek fejleszt\u00e9se \u00e9s gy\u00e1rt\u00e1sa\",\"publisher\":{\"@id\":\"https:\\\/\\\/kedo.hu\\\/#organization\"},\"alternateName\":\"kozmetikai b\u00e9rgy\u00e1rt\u00e1s\",\"potentialAction\":[{\"@type\":\"SearchAction\",\"target\":{\"@type\":\"EntryPoint\",\"urlTemplate\":\"https:\\\/\\\/kedo.hu\\\/?s={search_term_string}\"},\"query-input\":{\"@type\":\"PropertyValueSpecification\",\"valueRequired\":true,\"valueName\":\"search_term_string\"}}],\"inLanguage\":\"en-GB\"},{\"@type\":\"Organization\",\"@id\":\"https:\\\/\\\/kedo.hu\\\/#organization\",\"name\":\"Kedo Eurocosmetics Kft.\",\"url\":\"https:\\\/\\\/kedo.hu\\\/\",\"logo\":{\"@type\":\"ImageObject\",\"inLanguage\":\"en-GB\",\"@id\":\"https:\\\/\\\/kedo.hu\\\/#\\\/schema\\\/logo\\\/image\\\/\",\"url\":\"https:\\\/\\\/kedo.hu\\\/wp-content\\\/uploads\\\/2023\\\/10\\\/cropped-kedo-eurocosmetics-logo.png\",\"contentUrl\":\"https:\\\/\\\/kedo.hu\\\/wp-content\\\/uploads\\\/2023\\\/10\\\/cropped-kedo-eurocosmetics-logo.png\",\"width\":800,\"height\":500,\"caption\":\"Kedo Eurocosmetics Kft.\"},\"image\":{\"@id\":\"https:\\\/\\\/kedo.hu\\\/#\\\/schema\\\/logo\\\/image\\\/\"},\"sameAs\":[\"https:\\\/\\\/www.facebook.com\\\/kedoeurocosmeticskft\"]}]}<\/script>\n<!-- \/ Yoast SEO Premium plugin. -->","yoast_head_json":{"title":"T\u00f6rt\u00e9net\u00fcnk - Kedo Eurocosmetics Kft.","robots":{"index":"index","follow":"follow","max-snippet":"max-snippet:-1","max-image-preview":"max-image-preview:large","max-video-preview":"max-video-preview:-1"},"canonical":"https:\/\/kedo.hu\/en\/tortenetunk\/","og_locale":"en_GB","og_type":"article","og_title":"T\u00f6rt\u00e9net\u00fcnk","og_description":"T\u00d6RT\u00c9NET\u00dcNK A 90-es \u00e9vek hozta robban\u00e1s A rendszerv\u00e1lt\u00e1s elej\u00e9n az akkori c\u00e9g form\u00e1t is v\u00e1ltott, \u00edgy lett\u00fcnk el\u0151sz\u00f6r Kft. De nem csak ez a v\u00e1ltoz\u00e1s j\u00f6tt el, hanem az els\u0151 nagyobb k\u00f6lt\u00f6z\u00e9s is, hiszen az akkori szob\u00e1nyi pince helyis\u00e9geket kin\u0151tt\u00fck. Sz\u00fcks\u00e9gess\u00e9 v\u00e1lt egy nagyobb otthon megteremt\u00e9se a kozmetikumok gy\u00e1rt\u00e1s\u00e1nak, hogy l\u00e9pest tudjunk tartani a megrendel\u00e9sekkel. [&hellip;]","og_url":"https:\/\/kedo.hu\/en\/tortenetunk\/","og_site_name":"Kedo Eurocosmetics Kft.","article_publisher":"https:\/\/www.facebook.com\/kedoeurocosmeticskft","article_modified_time":"2026-04-15T19:13:39+00:00","og_image":[{"width":2254,"height":1690,"url":"https:\/\/kedo.hu\/wp-content\/uploads\/2023\/11\/kedo-regi-labor2.jpg","type":"image\/jpeg"}],"twitter_card":"summary_large_image","twitter_misc":{"Estimated reading time":"5 minutes"},"schema":{"@context":"https:\/\/schema.org","@graph":[{"@type":"WebPage","@id":"https:\/\/kedo.hu\/tortenetunk\/","url":"https:\/\/kedo.hu\/tortenetunk\/","name":"T\u00f6rt\u00e9net\u00fcnk - Kedo Eurocosmetics Kft.","isPartOf":{"@id":"https:\/\/kedo.hu\/#website"},"primaryImageOfPage":{"@id":"https:\/\/kedo.hu\/tortenetunk\/#primaryimage"},"image":{"@id":"https:\/\/kedo.hu\/tortenetunk\/#primaryimage"},"thumbnailUrl":"https:\/\/kedo.hu\/wp-content\/uploads\/2023\/11\/kedo-regi-labor2.jpg","datePublished":"2023-11-11T11:44:56+00:00","dateModified":"2026-04-15T19:13:39+00:00","breadcrumb":{"@id":"https:\/\/kedo.hu\/tortenetunk\/#breadcrumb"},"inLanguage":"en-GB","potentialAction":[{"@type":"ReadAction","target":["https:\/\/kedo.hu\/tortenetunk\/"]}]},{"@type":"ImageObject","inLanguage":"en-GB","@id":"https:\/\/kedo.hu\/tortenetunk\/#primaryimage","url":"https:\/\/kedo.hu\/wp-content\/uploads\/2023\/11\/kedo-regi-labor2.jpg","contentUrl":"https:\/\/kedo.hu\/wp-content\/uploads\/2023\/11\/kedo-regi-labor2.jpg"},{"@type":"BreadcrumbList","@id":"https:\/\/kedo.hu\/tortenetunk\/#breadcrumb","itemListElement":[{"@type":"ListItem","position":1,"name":"Kezd\u0151lap","item":"https:\/\/kedo.hu\/"},{"@type":"ListItem","position":2,"name":"T\u00f6rt\u00e9net\u00fcnk"}]},{"@type":"WebSite","@id":"https:\/\/kedo.hu\/#website","url":"https:\/\/kedo.hu\/","name":"Kedo Eurocosmetics Kft.","description":"kozmetikai term\u00e9kek fejleszt\u00e9se \u00e9s gy\u00e1rt\u00e1sa","publisher":{"@id":"https:\/\/kedo.hu\/#organization"},"alternateName":"kozmetikai b\u00e9rgy\u00e1rt\u00e1s","potentialAction":[{"@type":"SearchAction","target":{"@type":"EntryPoint","urlTemplate":"https:\/\/kedo.hu\/?s={search_term_string}"},"query-input":{"@type":"PropertyValueSpecification","valueRequired":true,"valueName":"search_term_string"}}],"inLanguage":"en-GB"},{"@type":"Organization","@id":"https:\/\/kedo.hu\/#organization","name":"Kedo Eurocosmetics Kft.","url":"https:\/\/kedo.hu\/","logo":{"@type":"ImageObject","inLanguage":"en-GB","@id":"https:\/\/kedo.hu\/#\/schema\/logo\/image\/","url":"https:\/\/kedo.hu\/wp-content\/uploads\/2023\/10\/cropped-kedo-eurocosmetics-logo.png","contentUrl":"https:\/\/kedo.hu\/wp-content\/uploads\/2023\/10\/cropped-kedo-eurocosmetics-logo.png","width":800,"height":500,"caption":"Kedo Eurocosmetics Kft."},"image":{"@id":"https:\/\/kedo.hu\/#\/schema\/logo\/image\/"},"sameAs":["https:\/\/www.facebook.com\/kedoeurocosmeticskft"]}]}},"_links":{"self":[{"href":"https:\/\/kedo.hu\/en\/wp-json\/wp\/v2\/pages\/899","targetHints":{"allow":["GET"]}}],"collection":[{"href":"https:\/\/kedo.hu\/en\/wp-json\/wp\/v2\/pages"}],"about":[{"href":"https:\/\/kedo.hu\/en\/wp-json\/wp\/v2\/types\/page"}],"author":[{"embeddable":true,"href":"https:\/\/kedo.hu\/en\/wp-json\/wp\/v2\/users\/2"}],"replies":[{"embeddable":true,"href":"https:\/\/kedo.hu\/en\/wp-json\/wp\/v2\/comments?post=899"}],"version-history":[{"count":41,"href":"https:\/\/kedo.hu\/en\/wp-json\/wp\/v2\/pages\/899\/revisions"}],"predecessor-version":[{"id":2540,"href":"https:\/\/kedo.hu\/en\/wp-json\/wp\/v2\/pages\/899\/revisions\/2540"}],"wp:attachment":[{"href":"https:\/\/kedo.hu\/en\/wp-json\/wp\/v2\/media?parent=899"}],"curies":[{"name":"wp","href":"https:\/\/api.w.org\/{rel}","templated":true}]}}