{"id":1655,"date":"2023-11-20T11:44:55","date_gmt":"2023-11-20T11:44:55","guid":{"rendered":"https:\/\/kedo.hu\/?page_id=1655"},"modified":"2025-09-29T12:45:08","modified_gmt":"2025-09-29T12:45:08","slug":"dun-bradstreet","status":"publish","type":"page","link":"https:\/\/kedo.hu\/en\/dun-bradstreet\/","title":{"rendered":"Dun &amp; Bradstreet"},"content":{"rendered":"<div data-elementor-type=\"wp-page\" data-elementor-id=\"1655\" class=\"elementor elementor-1655\" data-elementor-post-type=\"page\">\n\t\t\t\t<div class=\"elementor-element elementor-element-a8a88f1 e-flex e-con-boxed e-con e-parent\" data-id=\"a8a88f1\" data-element_type=\"container\" data-e-type=\"container\" data-settings=\"{&quot;background_background&quot;:&quot;classic&quot;}\">\n\t\t\t\t\t<div class=\"e-con-inner\">\n\t\t<div class=\"elementor-element elementor-element-bc7be48 e-flex e-con-boxed e-con e-child\" data-id=\"bc7be48\" data-element_type=\"container\" data-e-type=\"container\">\n\t\t\t\t\t<div class=\"e-con-inner\">\n\t\t\t\t<div class=\"elementor-element elementor-element-49d9e48 elementor-widget elementor-widget-spacer\" data-id=\"49d9e48\" data-element_type=\"widget\" data-e-type=\"widget\" data-widget_type=\"spacer.default\">\n\t\t\t\t<div class=\"elementor-widget-container\">\n\t\t\t\t\t\t\t<div class=\"elementor-spacer\">\n\t\t\t<div class=\"elementor-spacer-inner\"><\/div>\n\t\t<\/div>\n\t\t\t\t\t\t<\/div>\n\t\t\t\t<\/div>\n\t\t\t\t<div class=\"elementor-element elementor-element-c80e616 elementor-widget elementor-widget-heading\" data-id=\"c80e616\" data-element_type=\"widget\" data-e-type=\"widget\" data-widget_type=\"heading.default\">\n\t\t\t\t<div class=\"elementor-widget-container\">\n\t\t\t\t\t<h2 class=\"elementor-heading-title elementor-size-default\">Dun &amp; Bradstreet<\/h2>\t\t\t\t<\/div>\n\t\t\t\t<\/div>\n\t\t\t\t\t<\/div>\n\t\t\t\t<\/div>\n\t\t\t\t\t<\/div>\n\t\t\t\t<\/div>\n\t\t<div class=\"elementor-element elementor-element-071ed64 e-flex e-con-boxed e-con e-parent\" data-id=\"071ed64\" data-element_type=\"container\" data-e-type=\"container\">\n\t\t\t\t\t<div class=\"e-con-inner\">\n\t\t<div class=\"elementor-element elementor-element-a40fe78 e-flex e-con-boxed e-con e-child\" data-id=\"a40fe78\" data-element_type=\"container\" data-e-type=\"container\">\n\t\t\t\t\t<div class=\"e-con-inner\">\n\t\t\t\t<div class=\"elementor-element elementor-element-a4d7c26 elementor-widget elementor-widget-heading\" data-id=\"a4d7c26\" data-element_type=\"widget\" data-e-type=\"widget\" data-widget_type=\"heading.default\">\n\t\t\t\t<div class=\"elementor-widget-container\">\n\t\t\t\t\t<h2 class=\"elementor-heading-title elementor-size-default\">Dun &amp; Bradstreet sajt\u00f3k\u00f6zlem\u00e9ny<\/h2>\t\t\t\t<\/div>\n\t\t\t\t<\/div>\n\t\t\t\t<div class=\"elementor-element elementor-element-7c89a25 elementor-widget elementor-widget-text-editor\" data-id=\"7c89a25\" data-element_type=\"widget\" data-e-type=\"widget\" data-widget_type=\"text-editor.default\">\n\t\t\t\t<div class=\"elementor-widget-container\">\n\t\t\t\t\t\t\t\t\t<p style=\"font-weight: 400;\"><strong>Press Release<\/strong><\/p><p style=\"font-weight: 400;\">D\u00e1tum: 2025.09.29.<\/p><p style=\"font-weight: 400;\"><strong>Certificate for companies with the steadiest financial\nstanding.<\/strong><\/p><p style=\"font-weight: 400;\"><strong>A <\/strong><a href=\"https:\/\/www.dnb.com\/hu-hu\/rolunk-uj\"><strong>Dun &amp; Bradstreet,<\/strong><\/a><strong> the international provider of business information and company ratings\nclassifies the financial stability and business reliability of all enterprises based on a proven\nsystem, that has been designed by international experts, and whose operation is consistently\nmeasured. This is how our company, Kedo Eurocosmetics Kft. has been chosen as one of the\nenterprises with the steadiest financial standing. <\/strong><\/p><p style=\"font-weight: 400;\">It is a great honour for our company to be listed at the highest ranks on the basis of Dun &amp;\nBradstreet's objective company rating. We pay heightened attention to acting fairly on the market,\nthus it is important for us that an external expert has also confirmed that the probability of our\ncompany's insolvency is outstandingly low. We believe that with reliance on the Dun &amp; Bradstreet\nCertificate, we can further enhance trust towards our customers, contractors and employees, which is\nbecoming more and more important in long-term, stable business relations. For us, the fact that Dun\n&amp; Bradstreet, as an independent and international expert, has acknowledged the stability of our\ncompany, conveys the message that we are on the right track in building and developing our\ncompany. As the rating of our enterprise has been performed strictly in view of professional\nconsiderations, while no application or registration is possible for this rating, the Dun &amp; Bradstreet\nCertificate is a truly positive distinction for our company on the market.<\/p>\t\t\t\t\t\t\t\t<\/div>\n\t\t\t\t<\/div>\n\t\t\t\t<div class=\"elementor-element elementor-element-cc4a1da elementor-widget elementor-widget-image\" data-id=\"cc4a1da\" data-element_type=\"widget\" data-e-type=\"widget\" data-widget_type=\"image.default\">\n\t\t\t\t<div class=\"elementor-widget-container\">\n\t\t\t\t\t\t\t\t\t\t\t\t\t\t\t<img decoding=\"async\" width=\"283\" height=\"123\" src=\"https:\/\/kedo.hu\/wp-content\/uploads\/2023\/11\/DunandBradstreet.jpg\" class=\"attachment-large size-large wp-image-1667\" alt=\"\" \/>\t\t\t\t\t\t\t\t\t\t\t\t\t\t\t<\/div>\n\t\t\t\t<\/div>\n\t\t\t\t<div class=\"elementor-element elementor-element-fcdc210 elementor-widget elementor-widget-text-editor\" data-id=\"fcdc210\" data-element_type=\"widget\" data-e-type=\"widget\" data-widget_type=\"text-editor.default\">\n\t\t\t\t<div class=\"elementor-widget-container\">\n\t\t\t\t\t\t\t\t\t<p style=\"font-weight: 400;\">Kedo Eurocosmetics Kft. has received Dun &amp; Bradstreet&#039;s AAA (triple A) Certificate, which indicates that\nthe financial risk of establishing business relations with our company is extremely low.<\/p><p style=\"font-weight: 400;\">The basis of the Dun &amp; Bradstreet Certificate is Dun &amp; Bradstreet&#039;s rating system, which has been\nused for rating companies in view of their reliability for decades. Issued with AAA, AA, and A ratings, Dun\n&amp; Bradstreet Certificates indicate the stability of companies, and that companies in possession of such\nratings \u2013 i.e. Dun &amp; Bradstreet Certificates \u2013 have steady financial standing. The AAA company rating\nwas introduced in 1989, and firms have had the opportunity to demonstrate their business reliability in the\nform of certificates as well since 1996. The certificate provides means for the eligible companies to show to\nothers that their companies are recognized, reliable and creditworthy undertakings. The Dun &amp;\nBradstreet Certificate is used in different areas of business several countries across Europe.<\/p><p style=\"font-weight: 400;\">The Dun &amp; Bradstreet rating is based on data originating from multiple official sources, such as information\nfrom the Ministry of Justice, entries of the Courts of Registry, as well as the data of the National Tax and\nCustoms Administration and other authorities. In addition to the data from the official sources, the financial\ninformation regarding the firm, such as balance data, profit and loss accounts, and trends are incorporated,\nas well. For the rating, the demographic data of the company or organization are taken into consideration,\ni.e. the company&#039;s age, activities, size and owners, alongside their interrelations. It is incorporated from the\nPayment Experience Program into the rating whether the given enterprise settles its invoices at their due\ndates or with delays, i.e. what their payment discipline is. Furthermore, numerous other pieces of\ninformation gathered contribute to the system of Dun &amp; Bradstreet\u2019s rating, such as legal enforcement\ndetails and press reports.<\/p><p style=\"font-weight: 400;\">As the Dun &amp; Bradstreet rating does not only show the currently steady financial standing of our company,\nbut partly owing to the design of the Dun &amp; Bradstreet rating it also indicates the probability of our business\nbecoming insolvent in the forthcoming year, we can proudly state that Kedo Eurocosmetics Kft. shall\ncontinue to be a steady actor of the market in the future, too.<\/p>\t\t\t\t\t\t\t\t<\/div>\n\t\t\t\t<\/div>\n\t\t\t\t\t<\/div>\n\t\t\t\t<\/div>\n\t\t\t\t\t<\/div>\n\t\t\t\t<\/div>\n\t\t<div class=\"elementor-element elementor-element-0c659f7 e-flex e-con-boxed e-con e-parent\" data-id=\"0c659f7\" data-element_type=\"container\" data-e-type=\"container\">\n\t\t\t\t\t<div class=\"e-con-inner\">\n\t\t<div class=\"elementor-element elementor-element-7e9b8aa e-con-full e-flex e-con e-child\" data-id=\"7e9b8aa\" data-element_type=\"container\" data-e-type=\"container\">\n\t\t\t\t<div class=\"elementor-element elementor-element-16aeac2 elementor-widget elementor-widget-image\" data-id=\"16aeac2\" data-element_type=\"widget\" data-e-type=\"widget\" data-widget_type=\"image.default\">\n\t\t\t\t<div class=\"elementor-widget-container\">\n\t\t\t\t\t\t\t\t\t\t\t\t\t\t\t<img fetchpriority=\"high\" decoding=\"async\" width=\"728\" height=\"1030\" src=\"https:\/\/kedo.hu\/wp-content\/uploads\/2025\/09\/20250925_Kedo-Eurocosmetics-Kft_m-728x1030.png\" class=\"attachment-large size-large wp-image-2249\" alt=\"\" srcset=\"https:\/\/kedo.hu\/wp-content\/uploads\/2025\/09\/20250925_Kedo-Eurocosmetics-Kft_m-728x1030.png 728w, https:\/\/kedo.hu\/wp-content\/uploads\/2025\/09\/20250925_Kedo-Eurocosmetics-Kft_m-212x300.png 212w, https:\/\/kedo.hu\/wp-content\/uploads\/2025\/09\/20250925_Kedo-Eurocosmetics-Kft_m-768x1086.png 768w, https:\/\/kedo.hu\/wp-content\/uploads\/2025\/09\/20250925_Kedo-Eurocosmetics-Kft_m-8x12.png 8w, https:\/\/kedo.hu\/wp-content\/uploads\/2025\/09\/20250925_Kedo-Eurocosmetics-Kft_m.png 794w\" sizes=\"(max-width: 728px) 100vw, 728px\" \/>\t\t\t\t\t\t\t\t\t\t\t\t\t\t\t<\/div>\n\t\t\t\t<\/div>\n\t\t\t\t<\/div>\n\t\t<div class=\"elementor-element elementor-element-52b4184 e-con-full e-flex e-con e-child\" data-id=\"52b4184\" data-element_type=\"container\" data-e-type=\"container\">\n\t\t\t\t<div class=\"elementor-element elementor-element-6cd79a4 elementor-widget elementor-widget-image\" data-id=\"6cd79a4\" data-element_type=\"widget\" data-e-type=\"widget\" data-widget_type=\"image.default\">\n\t\t\t\t<div class=\"elementor-widget-container\">\n\t\t\t\t\t\t\t\t\t\t\t\t\t\t\t<img decoding=\"async\" width=\"728\" height=\"1030\" src=\"https:\/\/kedo.hu\/wp-content\/uploads\/2025\/09\/20250925_Kedo-Eurocosmetics-Kft_a-728x1030.png\" class=\"attachment-large size-large wp-image-2254\" alt=\"\" srcset=\"https:\/\/kedo.hu\/wp-content\/uploads\/2025\/09\/20250925_Kedo-Eurocosmetics-Kft_a-728x1030.png 728w, https:\/\/kedo.hu\/wp-content\/uploads\/2025\/09\/20250925_Kedo-Eurocosmetics-Kft_a-212x300.png 212w, https:\/\/kedo.hu\/wp-content\/uploads\/2025\/09\/20250925_Kedo-Eurocosmetics-Kft_a-768x1086.png 768w, https:\/\/kedo.hu\/wp-content\/uploads\/2025\/09\/20250925_Kedo-Eurocosmetics-Kft_a-8x12.png 8w, https:\/\/kedo.hu\/wp-content\/uploads\/2025\/09\/20250925_Kedo-Eurocosmetics-Kft_a.png 794w\" sizes=\"(max-width: 728px) 100vw, 728px\" \/>\t\t\t\t\t\t\t\t\t\t\t\t\t\t\t<\/div>\n\t\t\t\t<\/div>\n\t\t\t\t<\/div>\n\t\t\t\t\t<\/div>\n\t\t\t\t<\/div>\n\t\t\t\t<\/div>","protected":false},"excerpt":{"rendered":"<p>Dun &amp; Bradstreet Dun &amp; Bradstreet sajt\u00f3k\u00f6zlem\u00e9ny Sajt\u00f3k\u00f6zlem\u00e9ny D\u00e1tum: 2025.09.29. Tan\u00fas\u00edtv\u00e1ny a p\u00e9nz\u00fcgyileg legstabilabb c\u00e9geknek A Dun &amp; Bradstreet nemzetk\u00f6zi \u00fczleti inform\u00e1ci\u00f3szolg\u00e1ltat\u00f3 \u00e9s -min\u0151s\u00edt\u0151 minden m\u0171k\u00f6d\u0151 v\u00e1llalkoz\u00e1s p\u00e9nz\u00fcgyi stabilit\u00e1s\u00e1t, \u00fczleti megb\u00edzhat\u00f3s\u00e1g\u00e1t oszt\u00e1lyozza egy folyamatosan visszam\u00e9rt \u00e9s bizony\u00edtott, nemzetk\u00f6zi szak\u00e9rt\u0151k \u00e1ltal kialak\u00edtott m\u00f3dszertan alapj\u00e1n. \u00cdgy ker\u00fclt kiv\u00e1laszt\u00e1sra c\u00e9g\u00fcnk, a Kedo Eurocosmetics Kft. is, mint a p\u00e9nz\u00fcgyileg [&hellip;]<\/p>","protected":false},"author":2,"featured_media":0,"parent":0,"menu_order":0,"comment_status":"closed","ping_status":"closed","template":"","meta":{"footnotes":""},"class_list":["post-1655","page","type-page","status-publish","hentry"],"yoast_head":"<!-- This site is optimized with the Yoast SEO Premium plugin v26.2 (Yoast SEO v27.4) - https:\/\/yoast.com\/product\/yoast-seo-premium-wordpress\/ -->\n<title>Dun &amp; Bradstreet - Kedo Eurocosmetics Kft.<\/title>\n<meta name=\"robots\" content=\"index, follow, max-snippet:-1, max-image-preview:large, max-video-preview:-1\" \/>\n<link rel=\"canonical\" href=\"https:\/\/kedo.hu\/en\/dun-bradstreet\/\" \/>\n<meta property=\"og:locale\" content=\"en_GB\" \/>\n<meta property=\"og:type\" content=\"article\" \/>\n<meta property=\"og:title\" content=\"Dun &amp; Bradstreet\" \/>\n<meta property=\"og:description\" content=\"Dun &amp; Bradstreet Dun &amp; Bradstreet sajt\u00f3k\u00f6zlem\u00e9ny Sajt\u00f3k\u00f6zlem\u00e9ny D\u00e1tum: 2025.09.29. Tan\u00fas\u00edtv\u00e1ny a p\u00e9nz\u00fcgyileg legstabilabb c\u00e9geknek A Dun &amp; Bradstreet nemzetk\u00f6zi \u00fczleti inform\u00e1ci\u00f3szolg\u00e1ltat\u00f3 \u00e9s -min\u0151s\u00edt\u0151 minden m\u0171k\u00f6d\u0151 v\u00e1llalkoz\u00e1s p\u00e9nz\u00fcgyi stabilit\u00e1s\u00e1t, \u00fczleti megb\u00edzhat\u00f3s\u00e1g\u00e1t oszt\u00e1lyozza egy folyamatosan visszam\u00e9rt \u00e9s bizony\u00edtott, nemzetk\u00f6zi szak\u00e9rt\u0151k \u00e1ltal kialak\u00edtott m\u00f3dszertan alapj\u00e1n. \u00cdgy ker\u00fclt kiv\u00e1laszt\u00e1sra c\u00e9g\u00fcnk, a Kedo Eurocosmetics Kft. is, mint a p\u00e9nz\u00fcgyileg [&hellip;]\" \/>\n<meta property=\"og:url\" content=\"https:\/\/kedo.hu\/en\/dun-bradstreet\/\" \/>\n<meta property=\"og:site_name\" content=\"Kedo Eurocosmetics Kft.\" \/>\n<meta property=\"article:publisher\" content=\"https:\/\/www.facebook.com\/kedoeurocosmeticskft\" \/>\n<meta property=\"article:modified_time\" content=\"2025-09-29T12:45:08+00:00\" \/>\n<meta property=\"og:image\" content=\"https:\/\/kedo.hu\/wp-content\/uploads\/2023\/11\/DunandBradstreet.jpg\" \/>\n\t<meta property=\"og:image:width\" content=\"283\" \/>\n\t<meta property=\"og:image:height\" content=\"123\" \/>\n\t<meta property=\"og:image:type\" content=\"image\/jpeg\" \/>\n<meta name=\"twitter:card\" content=\"summary_large_image\" \/>\n<meta name=\"twitter:label1\" content=\"Estimated reading time\" \/>\n\t<meta name=\"twitter:data1\" content=\"4 minutes\" \/>\n<script type=\"application\/ld+json\" class=\"yoast-schema-graph\">{\"@context\":\"https:\\\/\\\/schema.org\",\"@graph\":[{\"@type\":\"WebPage\",\"@id\":\"https:\\\/\\\/kedo.hu\\\/dun-bradstreet\\\/\",\"url\":\"https:\\\/\\\/kedo.hu\\\/dun-bradstreet\\\/\",\"name\":\"Dun &amp; Bradstreet - Kedo Eurocosmetics Kft.\",\"isPartOf\":{\"@id\":\"https:\\\/\\\/kedo.hu\\\/#website\"},\"primaryImageOfPage\":{\"@id\":\"https:\\\/\\\/kedo.hu\\\/dun-bradstreet\\\/#primaryimage\"},\"image\":{\"@id\":\"https:\\\/\\\/kedo.hu\\\/dun-bradstreet\\\/#primaryimage\"},\"thumbnailUrl\":\"https:\\\/\\\/kedo.hu\\\/wp-content\\\/uploads\\\/2023\\\/11\\\/DunandBradstreet.jpg\",\"datePublished\":\"2023-11-20T11:44:55+00:00\",\"dateModified\":\"2025-09-29T12:45:08+00:00\",\"breadcrumb\":{\"@id\":\"https:\\\/\\\/kedo.hu\\\/dun-bradstreet\\\/#breadcrumb\"},\"inLanguage\":\"en-GB\",\"potentialAction\":[{\"@type\":\"ReadAction\",\"target\":[\"https:\\\/\\\/kedo.hu\\\/dun-bradstreet\\\/\"]}]},{\"@type\":\"ImageObject\",\"inLanguage\":\"en-GB\",\"@id\":\"https:\\\/\\\/kedo.hu\\\/dun-bradstreet\\\/#primaryimage\",\"url\":\"https:\\\/\\\/kedo.hu\\\/wp-content\\\/uploads\\\/2023\\\/11\\\/DunandBradstreet.jpg\",\"contentUrl\":\"https:\\\/\\\/kedo.hu\\\/wp-content\\\/uploads\\\/2023\\\/11\\\/DunandBradstreet.jpg\"},{\"@type\":\"BreadcrumbList\",\"@id\":\"https:\\\/\\\/kedo.hu\\\/dun-bradstreet\\\/#breadcrumb\",\"itemListElement\":[{\"@type\":\"ListItem\",\"position\":1,\"name\":\"Kezd\u0151lap\",\"item\":\"https:\\\/\\\/kedo.hu\\\/\"},{\"@type\":\"ListItem\",\"position\":2,\"name\":\"Dun &amp; Bradstreet\"}]},{\"@type\":\"WebSite\",\"@id\":\"https:\\\/\\\/kedo.hu\\\/#website\",\"url\":\"https:\\\/\\\/kedo.hu\\\/\",\"name\":\"Kedo Eurocosmetics Kft.\",\"description\":\"kozmetikai term\u00e9kek fejleszt\u00e9se \u00e9s gy\u00e1rt\u00e1sa\",\"publisher\":{\"@id\":\"https:\\\/\\\/kedo.hu\\\/#organization\"},\"alternateName\":\"kozmetikai b\u00e9rgy\u00e1rt\u00e1s\",\"potentialAction\":[{\"@type\":\"SearchAction\",\"target\":{\"@type\":\"EntryPoint\",\"urlTemplate\":\"https:\\\/\\\/kedo.hu\\\/?s={search_term_string}\"},\"query-input\":{\"@type\":\"PropertyValueSpecification\",\"valueRequired\":true,\"valueName\":\"search_term_string\"}}],\"inLanguage\":\"en-GB\"},{\"@type\":\"Organization\",\"@id\":\"https:\\\/\\\/kedo.hu\\\/#organization\",\"name\":\"Kedo Eurocosmetics Kft.\",\"url\":\"https:\\\/\\\/kedo.hu\\\/\",\"logo\":{\"@type\":\"ImageObject\",\"inLanguage\":\"en-GB\",\"@id\":\"https:\\\/\\\/kedo.hu\\\/#\\\/schema\\\/logo\\\/image\\\/\",\"url\":\"https:\\\/\\\/kedo.hu\\\/wp-content\\\/uploads\\\/2023\\\/10\\\/cropped-kedo-eurocosmetics-logo.png\",\"contentUrl\":\"https:\\\/\\\/kedo.hu\\\/wp-content\\\/uploads\\\/2023\\\/10\\\/cropped-kedo-eurocosmetics-logo.png\",\"width\":800,\"height\":500,\"caption\":\"Kedo Eurocosmetics Kft.\"},\"image\":{\"@id\":\"https:\\\/\\\/kedo.hu\\\/#\\\/schema\\\/logo\\\/image\\\/\"},\"sameAs\":[\"https:\\\/\\\/www.facebook.com\\\/kedoeurocosmeticskft\"]}]}<\/script>\n<!-- \/ Yoast SEO Premium plugin. -->","yoast_head_json":{"title":"Dun &amp; Bradstreet - Kedo Eurocosmetics Kft.","robots":{"index":"index","follow":"follow","max-snippet":"max-snippet:-1","max-image-preview":"max-image-preview:large","max-video-preview":"max-video-preview:-1"},"canonical":"https:\/\/kedo.hu\/en\/dun-bradstreet\/","og_locale":"en_GB","og_type":"article","og_title":"Dun &amp; Bradstreet","og_description":"Dun &amp; Bradstreet Dun &amp; Bradstreet sajt\u00f3k\u00f6zlem\u00e9ny Sajt\u00f3k\u00f6zlem\u00e9ny D\u00e1tum: 2025.09.29. Tan\u00fas\u00edtv\u00e1ny a p\u00e9nz\u00fcgyileg legstabilabb c\u00e9geknek A Dun &amp; Bradstreet nemzetk\u00f6zi \u00fczleti inform\u00e1ci\u00f3szolg\u00e1ltat\u00f3 \u00e9s -min\u0151s\u00edt\u0151 minden m\u0171k\u00f6d\u0151 v\u00e1llalkoz\u00e1s p\u00e9nz\u00fcgyi stabilit\u00e1s\u00e1t, \u00fczleti megb\u00edzhat\u00f3s\u00e1g\u00e1t oszt\u00e1lyozza egy folyamatosan visszam\u00e9rt \u00e9s bizony\u00edtott, nemzetk\u00f6zi szak\u00e9rt\u0151k \u00e1ltal kialak\u00edtott m\u00f3dszertan alapj\u00e1n. \u00cdgy ker\u00fclt kiv\u00e1laszt\u00e1sra c\u00e9g\u00fcnk, a Kedo Eurocosmetics Kft. is, mint a p\u00e9nz\u00fcgyileg [&hellip;]","og_url":"https:\/\/kedo.hu\/en\/dun-bradstreet\/","og_site_name":"Kedo Eurocosmetics Kft.","article_publisher":"https:\/\/www.facebook.com\/kedoeurocosmeticskft","article_modified_time":"2025-09-29T12:45:08+00:00","og_image":[{"width":283,"height":123,"url":"https:\/\/kedo.hu\/wp-content\/uploads\/2023\/11\/DunandBradstreet.jpg","type":"image\/jpeg"}],"twitter_card":"summary_large_image","twitter_misc":{"Estimated reading time":"4 minutes"},"schema":{"@context":"https:\/\/schema.org","@graph":[{"@type":"WebPage","@id":"https:\/\/kedo.hu\/dun-bradstreet\/","url":"https:\/\/kedo.hu\/dun-bradstreet\/","name":"Dun &amp; Bradstreet - Kedo Eurocosmetics Kft.","isPartOf":{"@id":"https:\/\/kedo.hu\/#website"},"primaryImageOfPage":{"@id":"https:\/\/kedo.hu\/dun-bradstreet\/#primaryimage"},"image":{"@id":"https:\/\/kedo.hu\/dun-bradstreet\/#primaryimage"},"thumbnailUrl":"https:\/\/kedo.hu\/wp-content\/uploads\/2023\/11\/DunandBradstreet.jpg","datePublished":"2023-11-20T11:44:55+00:00","dateModified":"2025-09-29T12:45:08+00:00","breadcrumb":{"@id":"https:\/\/kedo.hu\/dun-bradstreet\/#breadcrumb"},"inLanguage":"en-GB","potentialAction":[{"@type":"ReadAction","target":["https:\/\/kedo.hu\/dun-bradstreet\/"]}]},{"@type":"ImageObject","inLanguage":"en-GB","@id":"https:\/\/kedo.hu\/dun-bradstreet\/#primaryimage","url":"https:\/\/kedo.hu\/wp-content\/uploads\/2023\/11\/DunandBradstreet.jpg","contentUrl":"https:\/\/kedo.hu\/wp-content\/uploads\/2023\/11\/DunandBradstreet.jpg"},{"@type":"BreadcrumbList","@id":"https:\/\/kedo.hu\/dun-bradstreet\/#breadcrumb","itemListElement":[{"@type":"ListItem","position":1,"name":"Kezd\u0151lap","item":"https:\/\/kedo.hu\/"},{"@type":"ListItem","position":2,"name":"Dun &amp; Bradstreet"}]},{"@type":"WebSite","@id":"https:\/\/kedo.hu\/#website","url":"https:\/\/kedo.hu\/","name":"Kedo Eurocosmetics Kft.","description":"kozmetikai term\u00e9kek fejleszt\u00e9se \u00e9s gy\u00e1rt\u00e1sa","publisher":{"@id":"https:\/\/kedo.hu\/#organization"},"alternateName":"kozmetikai b\u00e9rgy\u00e1rt\u00e1s","potentialAction":[{"@type":"SearchAction","target":{"@type":"EntryPoint","urlTemplate":"https:\/\/kedo.hu\/?s={search_term_string}"},"query-input":{"@type":"PropertyValueSpecification","valueRequired":true,"valueName":"search_term_string"}}],"inLanguage":"en-GB"},{"@type":"Organization","@id":"https:\/\/kedo.hu\/#organization","name":"Kedo Eurocosmetics Kft.","url":"https:\/\/kedo.hu\/","logo":{"@type":"ImageObject","inLanguage":"en-GB","@id":"https:\/\/kedo.hu\/#\/schema\/logo\/image\/","url":"https:\/\/kedo.hu\/wp-content\/uploads\/2023\/10\/cropped-kedo-eurocosmetics-logo.png","contentUrl":"https:\/\/kedo.hu\/wp-content\/uploads\/2023\/10\/cropped-kedo-eurocosmetics-logo.png","width":800,"height":500,"caption":"Kedo Eurocosmetics Kft."},"image":{"@id":"https:\/\/kedo.hu\/#\/schema\/logo\/image\/"},"sameAs":["https:\/\/www.facebook.com\/kedoeurocosmeticskft"]}]}},"_links":{"self":[{"href":"https:\/\/kedo.hu\/en\/wp-json\/wp\/v2\/pages\/1655","targetHints":{"allow":["GET"]}}],"collection":[{"href":"https:\/\/kedo.hu\/en\/wp-json\/wp\/v2\/pages"}],"about":[{"href":"https:\/\/kedo.hu\/en\/wp-json\/wp\/v2\/types\/page"}],"author":[{"embeddable":true,"href":"https:\/\/kedo.hu\/en\/wp-json\/wp\/v2\/users\/2"}],"replies":[{"embeddable":true,"href":"https:\/\/kedo.hu\/en\/wp-json\/wp\/v2\/comments?post=1655"}],"version-history":[{"count":25,"href":"https:\/\/kedo.hu\/en\/wp-json\/wp\/v2\/pages\/1655\/revisions"}],"predecessor-version":[{"id":2265,"href":"https:\/\/kedo.hu\/en\/wp-json\/wp\/v2\/pages\/1655\/revisions\/2265"}],"wp:attachment":[{"href":"https:\/\/kedo.hu\/en\/wp-json\/wp\/v2\/media?parent=1655"}],"curies":[{"name":"wp","href":"https:\/\/api.w.org\/{rel}","templated":true}]}}